{"id":196,"date":"2014-09-26T17:24:20","date_gmt":"2014-09-26T15:24:20","guid":{"rendered":"http:\/\/www.xact-live.de\/mali-netz\/?page_id=196"},"modified":"2014-09-26T17:24:20","modified_gmt":"2014-09-26T15:24:20","slug":"fort-und-weiterbildung-der-lehrer","status":"publish","type":"page","link":"http:\/\/www.xact-live.de\/mali-netz\/fort-und-weiterbildung-der-lehrer\/","title":{"rendered":"Fort- und Weiterbildung der Lehrer"},"content":{"rendered":"<p>Die Lehrer Aus- und -Fortbildung wurden rege diskutiert, es reicht nicht Schulen zu bauen, da Lehrer von anderen Schulen im l\u00e4ndlichen Bereich dann abwandern und diese nicht mehr ausreichend besetzt sind. Dies wurde als ein Thema vorgeschlagen f\u00fcr das n\u00e4chste Treffen? Es kann sich aber auch \u00fcber das Netzwerk eine Arbeitsgruppe bilden.<\/p>\n","protected":false},"excerpt":{"rendered":"<p>Die Lehrer Aus- und -Fortbildung wurden rege diskutiert, es reicht nicht Schulen zu bauen, da Lehrer von anderen Schulen im l\u00e4ndlichen Bereich dann abwandern und diese nicht mehr ausreichend besetzt sind. Dies wurde als ein Thema vorgeschlagen f\u00fcr das n\u00e4chste &hellip; <a href=\"http:\/\/www.xact-live.de\/mali-netz\/fort-und-weiterbildung-der-lehrer\/\">Weiterlesen <span class=\"meta-nav\">&rarr;<\/span><\/a><\/p>\n","protected":false},"author":3,"featured_media":0,"parent":0,"menu_order":0,"comment_status":"open","ping_status":"open","template":"","meta":{"footnotes":""},"class_list":["post-196","page","type-page","status-publish","hentry"],"_links":{"self":[{"href":"http:\/\/www.xact-live.de\/mali-netz\/wp-json\/wp\/v2\/pages\/196"}],"collection":[{"href":"http:\/\/www.xact-live.de\/mali-netz\/wp-json\/wp\/v2\/pages"}],"about":[{"href":"http:\/\/www.xact-live.de\/mali-netz\/wp-json\/wp\/v2\/types\/page"}],"author":[{"embeddable":true,"href":"http:\/\/www.xact-live.de\/mali-netz\/wp-json\/wp\/v2\/users\/3"}],"replies":[{"embeddable":true,"href":"http:\/\/www.xact-live.de\/mali-netz\/wp-json\/wp\/v2\/comments?post=196"}],"version-history":[{"count":2,"href":"http:\/\/www.xact-live.de\/mali-netz\/wp-json\/wp\/v2\/pages\/196\/revisions"}],"predecessor-version":[{"id":232,"href":"http:\/\/www.xact-live.de\/mali-netz\/wp-json\/wp\/v2\/pages\/196\/revisions\/232"}],"wp:attachment":[{"href":"http:\/\/www.xact-live.de\/mali-netz\/wp-json\/wp\/v2\/media?parent=196"}],"curies":[{"name":"wp","href":"https:\/\/api.w.org\/{rel}","templated":true}]}}