{"id":17,"date":"2013-12-03T23:34:18","date_gmt":"2013-12-03T21:34:18","guid":{"rendered":"http:\/\/www.xact-live.de\/mali-netz\/?page_id=17"},"modified":"2013-12-05T17:52:21","modified_gmt":"2013-12-05T15:52:21","slug":"ngo-infos","status":"publish","type":"page","link":"http:\/\/www.xact-live.de\/mali-netz\/links\/ngo-infos\/","title":{"rendered":"NGO-Infos"},"content":{"rendered":"<p><span style=\"color: #000000;\"><span style=\"color: #000000;\">BENGO ist keine Entscheidungstr\u00e4ger, sondern unterst\u00fctzt die Organisationen bei der Erstellung der Antr\u00e4ge, damit die Antr\u00e4ge bestm\u00f6gliche Aussicht auf Erfolg haben.<br \/>\nDie Mittelverwaltung und Genehmigung wird voraussichtlich ab 2014 bei Engagement Global liegen.<br \/>\nEbenfalls wird 2014 ein, vom BMZ vorgeschlagenes, elektronisches Verfahren eingef\u00fchrt.<br \/>\nDie Bearbeitungsdauer betr\u00e4gt im Moment 2 bis 4 Monate<br \/>\nDurch personelle Aufstockung 2014 sollen sich die Bearbeitungszeitenerheblich verk\u00fcrzen.<br \/>\nBis Ende November sind die f\u00fcr 2014 geplanten neuen Projekte mit einer groben Gesamtmittelplanung BENGO mitzuteilen<\/span><a href=\"http:\/\/www.engagement-global.de\/bengo.html\"><span style=\"color: #000000;\"><br \/>\nhttp:\/\/www.engagement-global.de\/bengo.html<\/span><\/a><\/span><\/p>\n<p>Finanzierungsratgeber f\u00fcr NGOs<a href=\"http:\/\/www.service-eine-welt.de\/finanzierungsratgeber\/finanzierungsratgeber-start.html\"> hier<\/a><\/p>\n<p><a href=\"http:\/\/www.bonner-aufruf.eu\/\">www.bonner-aufruf.eu\/<\/a><\/p>\n","protected":false},"excerpt":{"rendered":"<p>BENGO ist keine Entscheidungstr\u00e4ger, sondern unterst\u00fctzt die Organisationen bei der Erstellung der Antr\u00e4ge, damit die Antr\u00e4ge bestm\u00f6gliche Aussicht auf Erfolg haben. Die Mittelverwaltung und Genehmigung wird voraussichtlich ab 2014 bei Engagement Global liegen. Ebenfalls wird 2014 ein, vom BMZ vorgeschlagenes, &hellip; <a href=\"http:\/\/www.xact-live.de\/mali-netz\/links\/ngo-infos\/\">Weiterlesen <span class=\"meta-nav\">&rarr;<\/span><\/a><\/p>\n","protected":false},"author":1,"featured_media":0,"parent":8,"menu_order":2,"comment_status":"closed","ping_status":"closed","template":"","meta":{"footnotes":""},"class_list":["post-17","page","type-page","status-publish","hentry"],"_links":{"self":[{"href":"http:\/\/www.xact-live.de\/mali-netz\/wp-json\/wp\/v2\/pages\/17"}],"collection":[{"href":"http:\/\/www.xact-live.de\/mali-netz\/wp-json\/wp\/v2\/pages"}],"about":[{"href":"http:\/\/www.xact-live.de\/mali-netz\/wp-json\/wp\/v2\/types\/page"}],"author":[{"embeddable":true,"href":"http:\/\/www.xact-live.de\/mali-netz\/wp-json\/wp\/v2\/users\/1"}],"replies":[{"embeddable":true,"href":"http:\/\/www.xact-live.de\/mali-netz\/wp-json\/wp\/v2\/comments?post=17"}],"version-history":[{"count":7,"href":"http:\/\/www.xact-live.de\/mali-netz\/wp-json\/wp\/v2\/pages\/17\/revisions"}],"predecessor-version":[{"id":42,"href":"http:\/\/www.xact-live.de\/mali-netz\/wp-json\/wp\/v2\/pages\/17\/revisions\/42"}],"up":[{"embeddable":true,"href":"http:\/\/www.xact-live.de\/mali-netz\/wp-json\/wp\/v2\/pages\/8"}],"wp:attachment":[{"href":"http:\/\/www.xact-live.de\/mali-netz\/wp-json\/wp\/v2\/media?parent=17"}],"curies":[{"name":"wp","href":"https:\/\/api.w.org\/{rel}","templated":true}]}}